{"id":9990,"date":"2018-12-20T19:53:13","date_gmt":"2018-12-20T19:53:13","guid":{"rendered":"https:\/\/puremed.ca\/corporate-awareness\/"},"modified":"2020-02-07T02:11:36","modified_gmt":"2020-02-07T02:11:36","slug":"engagement-corporative","status":"publish","type":"page","link":"https:\/\/puremed.ca\/fr\/engagement-corporative\/","title":{"rendered":"ENGAGEMENT CORPORATIVE"},"content":{"rendered":"[vc_row type=\u00a0\u00bbfull_width_background\u00a0\u00bb full_screen_row_position=\u00a0\u00bbmiddle\u00a0\u00bb equal_height=\u00a0\u00bbyes\u00a0\u00bb content_placement=\u00a0\u00bbmiddle\u00a0\u00bb column_margin=\u00a0\u00bbdefault\u00a0\u00bb bg_image=\u00a0\u00bb8947&Prime; bg_position=\u00a0\u00bbleft top\u00a0\u00bb bg_repeat=\u00a0\u00bbno-repeat\u00a0\u00bb bg_color=\u00a0\u00bb#6a6b6f\u00a0\u00bb scene_position=\u00a0\u00bbcenter\u00a0\u00bb text_color=\u00a0\u00bblight\u00a0\u00bb text_align=\u00a0\u00bbleft\u00a0\u00bb top_padding=\u00a0\u00bb10%\u00a0\u00bb bottom_padding=\u00a0\u00bb10%\u00a0\u00bb id=\u00a0\u00bbbuilt-by-riders\u00a0\u00bb row_name=\u00a0\u00bbBuilt By Riders\u00a0\u00bb enable_gradient=\u00a0\u00bbtrue\u00a0\u00bb color_overlay=\u00a0\u00bbrgba(30,115,190,0.94)\u00a0\u00bb color_overlay_2=\u00a0\u00bb#003678&Prime; gradient_direction=\u00a0\u00bbleft_t_to_right_b\u00a0\u00bb overlay_strength=\u00a0\u00bb0.8&Prime; enable_shape_divider=\u00a0\u00bbtrue\u00a0\u00bb shape_divider_position=\u00a0\u00bbbottom\u00a0\u00bb shape_divider_height=\u00a0\u00bb350&Prime; bg_image_animation=\u00a0\u00bbnone\u00a0\u00bb shape_type=\u00a0\u00bbcurve_opacity\u00a0\u00bb][vc_column column_padding=\u00a0\u00bbno-extra-padding\u00a0\u00bb column_padding_position=\u00a0\u00bball\u00a0\u00bb background_color_opacity=\u00a0\u00bb1&Prime; background_hover_color_opacity=\u00a0\u00bb1&Prime; column_link_target=\u00a0\u00bb_self\u00a0\u00bb column_shadow=\u00a0\u00bbnone\u00a0\u00bb column_border_radius=\u00a0\u00bbnone\u00a0\u00bb width=\u00a0\u00bb1\/2&Prime; tablet_width_inherit=\u00a0\u00bbdefault\u00a0\u00bb tablet_text_alignment=\u00a0\u00bbdefault\u00a0\u00bb phone_text_alignment=\u00a0\u00bbdefault\u00a0\u00bb overlay_strength=\u00a0\u00bb0.3&Prime; column_border_width=\u00a0\u00bbnone\u00a0\u00bb column_border_style=\u00a0\u00bbsolid\u00a0\u00bb bg_image_animation=\u00a0\u00bbnone\u00a0\u00bb][vc_gallery type=\u00a0\u00bbflexslider_style\u00a0\u00bb images=\u00a0\u00bb11717,11719,11721,11723,11725,11727&Prime; onclick=\u00a0\u00bblink_no\u00a0\u00bb][\/vc_column][vc_column column_padding=\u00a0\u00bbno-extra-padding\u00a0\u00bb column_padding_position=\u00a0\u00bball\u00a0\u00bb background_color_opacity=\u00a0\u00bb1&Prime; background_hover_color_opacity=\u00a0\u00bb1&Prime; column_link_target=\u00a0\u00bb_self\u00a0\u00bb column_shadow=\u00a0\u00bbnone\u00a0\u00bb column_border_radius=\u00a0\u00bbnone\u00a0\u00bb width=\u00a0\u00bb1\/2&Prime; tablet_width_inherit=\u00a0\u00bbdefault\u00a0\u00bb tablet_text_alignment=\u00a0\u00bbdefault\u00a0\u00bb phone_text_alignment=\u00a0\u00bbdefault\u00a0\u00bb overlay_strength=\u00a0\u00bb0.3&Prime; column_border_width=\u00a0\u00bbnone\u00a0\u00bb column_border_style=\u00a0\u00bbsolid\u00a0\u00bb bg_image_animation=\u00a0\u00bbnone\u00a0\u00bb enable_animation=\u00a0\u00bbtrue\u00a0\u00bb animation=\u00a0\u00bbfade-in\u00a0\u00bb][nectar_animated_title heading_tag=\u00a0\u00bbh6&Prime; style=\u00a0\u00bbcolor-strip-reveal\u00a0\u00bb color=\u00a0\u00bbExtra-Color-2&Prime; text=\u00a0\u00bbQUALIT\u00c9 EXCEPTIONNEL\u00a0\u00bb][vc_column_text]\n<h2>La sensibilit\u00e9 des entreprises<\/h2>\n[\/vc_column_text][vc_column_text css=\u00a0\u00bb.vc_custom_1571863872472{margin-top: 20px !important;padding-right: 10% !important;}\u00a0\u00bb]Chez Puremed Canada, nous sommes d\u00e9vou\u00e9s \u00e0 aider les Canadiens et les communaut\u00e9s Canadiennes. Nous sommes fiers d\u2019\u00eatre impliqu\u00e9s dans la communaut\u00e9 et de travailler fort pour supporter des organisations \u00e0 atteindre leurs buts.[\/vc_column_text][divider line_type=\u00a0\u00bbNo Line\u00a0\u00bb custom_height=\u00a0\u00bb20&Prime;][nectar_video_lightbox link_style=\u00a0\u00bbplay_button_with_text\u00a0\u00bb nectar_play_button_color=\u00a0\u00bbDefault-Accent-Color\u00a0\u00bb nectar_play_button_style=\u00a0\u00bbdefault\u00a0\u00bb font_style=\u00a0\u00bbp\u00a0\u00bb link_text=\u00a0\u00bbRegardez notre vid\u00e9o\u00a0\u00bb video_url=\u00a0\u00bbhttps:\/\/www.youtube.com\/watch?v=dggOhGeVwec\u00a0\u00bb][\/vc_column][\/vc_row]\n","protected":false},"excerpt":{"rendered":"<p>[vc_row type=\u00a0\u00bbfull_width_background\u00a0\u00bb full_screen_row_position=\u00a0\u00bbmiddle\u00a0\u00bb equal_height=\u00a0\u00bbyes\u00a0\u00bb content_placement=\u00a0\u00bbmiddle\u00a0\u00bb column_margin=\u00a0\u00bbdefault\u00a0\u00bb bg_image=\u00a0\u00bb8947&Prime; bg_position=\u00a0\u00bbleft top\u00a0\u00bb bg_repeat=\u00a0\u00bbno-repeat\u00a0\u00bb bg_color=\u00a0\u00bb#6a6b6f\u00a0\u00bb scene_position=\u00a0\u00bbcenter\u00a0\u00bb text_color=\u00a0\u00bblight\u00a0\u00bb text_align=\u00a0\u00bbleft\u00a0\u00bb top_padding=\u00a0\u00bb10%\u00a0\u00bb bottom_padding=\u00a0\u00bb10%\u00a0\u00bb id=\u00a0\u00bbbuilt-by-riders\u00a0\u00bb row_name=\u00a0\u00bbBuilt By Riders\u00a0\u00bb enable_gradient=\u00a0\u00bbtrue\u00a0\u00bb color_overlay=\u00a0\u00bbrgba(30,115,190,0.94)\u00a0\u00bb color_overlay_2=\u00a0\u00bb#003678&Prime; gradient_direction=\u00a0\u00bbleft_t_to_right_b\u00a0\u00bb overlay_strength=\u00a0\u00bb0.8&Prime; enable_shape_divider=\u00a0\u00bbtrue\u00a0\u00bb shape_divider_position=\u00a0\u00bbbottom\u00a0\u00bb shape_divider_height=\u00a0\u00bb350&Prime; bg_image_animation=\u00a0\u00bbnone\u00a0\u00bb shape_type=\u00a0\u00bbcurve_opacity\u00a0\u00bb][vc_column&#8230;<\/p>\n","protected":false},"author":1,"featured_media":0,"parent":0,"menu_order":0,"comment_status":"closed","ping_status":"closed","template":"template-no-footer.php","meta":{"footnotes":""},"yoast_head":"<!-- This site is optimized with the Yoast SEO plugin v22.3 - https:\/\/yoast.com\/wordpress\/plugins\/seo\/ -->\n<title>ENGAGEMENT CORPORATIVE - Puremed Canada<\/title>\n<meta name=\"robots\" content=\"index, follow, max-snippet:-1, max-image-preview:large, max-video-preview:-1\" \/>\n<link rel=\"canonical\" href=\"https:\/\/puremed.ca\/fr\/engagement-corporative\/\" \/>\n<meta property=\"og:locale\" content=\"fr_FR\" \/>\n<meta property=\"og:type\" content=\"article\" \/>\n<meta property=\"og:title\" content=\"ENGAGEMENT CORPORATIVE - Puremed Canada\" \/>\n<meta property=\"og:description\" content=\"[vc_row type=\u00a0\u00bbfull_width_background\u00a0\u00bb full_screen_row_position=\u00a0\u00bbmiddle\u00a0\u00bb equal_height=\u00a0\u00bbyes\u00a0\u00bb content_placement=\u00a0\u00bbmiddle\u00a0\u00bb column_margin=\u00a0\u00bbdefault\u00a0\u00bb bg_image=\u00a0\u00bb8947&Prime; bg_position=\u00a0\u00bbleft top\u00a0\u00bb bg_repeat=\u00a0\u00bbno-repeat\u00a0\u00bb bg_color=\u00a0\u00bb#6a6b6f\u00a0\u00bb scene_position=\u00a0\u00bbcenter\u00a0\u00bb text_color=\u00a0\u00bblight\u00a0\u00bb text_align=\u00a0\u00bbleft\u00a0\u00bb top_padding=\u00a0\u00bb10%\u00a0\u00bb bottom_padding=\u00a0\u00bb10%\u00a0\u00bb id=\u00a0\u00bbbuilt-by-riders\u00a0\u00bb row_name=\u00a0\u00bbBuilt By Riders\u00a0\u00bb enable_gradient=\u00a0\u00bbtrue\u00a0\u00bb color_overlay=\u00a0\u00bbrgba(30,115,190,0.94)\u00a0\u00bb color_overlay_2=\u00a0\u00bb#003678&Prime; gradient_direction=\u00a0\u00bbleft_t_to_right_b\u00a0\u00bb overlay_strength=\u00a0\u00bb0.8&Prime; enable_shape_divider=\u00a0\u00bbtrue\u00a0\u00bb shape_divider_position=\u00a0\u00bbbottom\u00a0\u00bb shape_divider_height=\u00a0\u00bb350&Prime; bg_image_animation=\u00a0\u00bbnone\u00a0\u00bb shape_type=\u00a0\u00bbcurve_opacity\u00a0\u00bb][vc_column...\" \/>\n<meta property=\"og:url\" content=\"https:\/\/puremed.ca\/fr\/engagement-corporative\/\" \/>\n<meta property=\"og:site_name\" content=\"Puremed Canada\" \/>\n<meta property=\"article:publisher\" content=\"https:\/\/www.facebook.com\/pages\/category\/Commercial---Industrial\/Puremed-Canada-Inc-101146174631688\/\" \/>\n<meta property=\"article:modified_time\" content=\"2020-02-07T02:11:36+00:00\" \/>\n<meta name=\"twitter:card\" content=\"summary_large_image\" \/>\n<meta name=\"twitter:label1\" content=\"Dur\u00e9e de lecture estim\u00e9e\" \/>\n\t<meta name=\"twitter:data1\" content=\"2 minutes\" \/>\n<script type=\"application\/ld+json\" class=\"yoast-schema-graph\">{\"@context\":\"https:\/\/schema.org\",\"@graph\":[{\"@type\":\"WebPage\",\"@id\":\"https:\/\/puremed.ca\/fr\/engagement-corporative\/\",\"url\":\"https:\/\/puremed.ca\/fr\/engagement-corporative\/\",\"name\":\"ENGAGEMENT CORPORATIVE - Puremed Canada\",\"isPartOf\":{\"@id\":\"https:\/\/puremed.ca\/fr\/#website\"},\"datePublished\":\"2018-12-20T19:53:13+00:00\",\"dateModified\":\"2020-02-07T02:11:36+00:00\",\"breadcrumb\":{\"@id\":\"https:\/\/puremed.ca\/fr\/engagement-corporative\/#breadcrumb\"},\"inLanguage\":\"fr-FR\",\"potentialAction\":[{\"@type\":\"ReadAction\",\"target\":[\"https:\/\/puremed.ca\/fr\/engagement-corporative\/\"]}]},{\"@type\":\"BreadcrumbList\",\"@id\":\"https:\/\/puremed.ca\/fr\/engagement-corporative\/#breadcrumb\",\"itemListElement\":[{\"@type\":\"ListItem\",\"position\":1,\"name\":\"Home\",\"item\":\"https:\/\/puremed.ca\/fr\/\"},{\"@type\":\"ListItem\",\"position\":2,\"name\":\"ENGAGEMENT CORPORATIVE\"}]},{\"@type\":\"WebSite\",\"@id\":\"https:\/\/puremed.ca\/fr\/#website\",\"url\":\"https:\/\/puremed.ca\/fr\/\",\"name\":\"Puremed Canada\",\"description\":\"Food Safety Experts\",\"publisher\":{\"@id\":\"https:\/\/puremed.ca\/fr\/#organization\"},\"potentialAction\":[{\"@type\":\"SearchAction\",\"target\":{\"@type\":\"EntryPoint\",\"urlTemplate\":\"https:\/\/puremed.ca\/fr\/?s={search_term_string}\"},\"query-input\":\"required name=search_term_string\"}],\"inLanguage\":\"fr-FR\"},{\"@type\":\"Organization\",\"@id\":\"https:\/\/puremed.ca\/fr\/#organization\",\"name\":\"Puremed Canada Inc.\",\"url\":\"https:\/\/puremed.ca\/fr\/\",\"logo\":{\"@type\":\"ImageObject\",\"inLanguage\":\"fr-FR\",\"@id\":\"https:\/\/puremed.ca\/fr\/#\/schema\/logo\/image\/\",\"url\":\"https:\/\/puremed.ca\/wp-content\/uploads\/2024\/05\/newimage.png\",\"contentUrl\":\"https:\/\/puremed.ca\/wp-content\/uploads\/2024\/05\/newimage.png\",\"width\":794,\"height\":774,\"caption\":\"Puremed Canada Inc.\"},\"image\":{\"@id\":\"https:\/\/puremed.ca\/fr\/#\/schema\/logo\/image\/\"},\"sameAs\":[\"https:\/\/www.facebook.com\/pages\/category\/Commercial---Industrial\/Puremed-Canada-Inc-101146174631688\/\",\"https:\/\/ca.linkedin.com\/company\/puremed\",\"https:\/\/www.youtube.com\/channel\/UCnGPULABPwqAVl5hPd9DdtA\"]}]}<\/script>\n<!-- \/ Yoast SEO plugin. -->","yoast_head_json":{"title":"ENGAGEMENT CORPORATIVE - Puremed Canada","robots":{"index":"index","follow":"follow","max-snippet":"max-snippet:-1","max-image-preview":"max-image-preview:large","max-video-preview":"max-video-preview:-1"},"canonical":"https:\/\/puremed.ca\/fr\/engagement-corporative\/","og_locale":"fr_FR","og_type":"article","og_title":"ENGAGEMENT CORPORATIVE - Puremed Canada","og_description":"[vc_row type=\u00a0\u00bbfull_width_background\u00a0\u00bb full_screen_row_position=\u00a0\u00bbmiddle\u00a0\u00bb equal_height=\u00a0\u00bbyes\u00a0\u00bb content_placement=\u00a0\u00bbmiddle\u00a0\u00bb column_margin=\u00a0\u00bbdefault\u00a0\u00bb bg_image=\u00a0\u00bb8947&Prime; bg_position=\u00a0\u00bbleft top\u00a0\u00bb bg_repeat=\u00a0\u00bbno-repeat\u00a0\u00bb bg_color=\u00a0\u00bb#6a6b6f\u00a0\u00bb scene_position=\u00a0\u00bbcenter\u00a0\u00bb text_color=\u00a0\u00bblight\u00a0\u00bb text_align=\u00a0\u00bbleft\u00a0\u00bb top_padding=\u00a0\u00bb10%\u00a0\u00bb bottom_padding=\u00a0\u00bb10%\u00a0\u00bb id=\u00a0\u00bbbuilt-by-riders\u00a0\u00bb row_name=\u00a0\u00bbBuilt By Riders\u00a0\u00bb enable_gradient=\u00a0\u00bbtrue\u00a0\u00bb color_overlay=\u00a0\u00bbrgba(30,115,190,0.94)\u00a0\u00bb color_overlay_2=\u00a0\u00bb#003678&Prime; gradient_direction=\u00a0\u00bbleft_t_to_right_b\u00a0\u00bb overlay_strength=\u00a0\u00bb0.8&Prime; enable_shape_divider=\u00a0\u00bbtrue\u00a0\u00bb shape_divider_position=\u00a0\u00bbbottom\u00a0\u00bb shape_divider_height=\u00a0\u00bb350&Prime; bg_image_animation=\u00a0\u00bbnone\u00a0\u00bb shape_type=\u00a0\u00bbcurve_opacity\u00a0\u00bb][vc_column...","og_url":"https:\/\/puremed.ca\/fr\/engagement-corporative\/","og_site_name":"Puremed Canada","article_publisher":"https:\/\/www.facebook.com\/pages\/category\/Commercial---Industrial\/Puremed-Canada-Inc-101146174631688\/","article_modified_time":"2020-02-07T02:11:36+00:00","twitter_card":"summary_large_image","twitter_misc":{"Dur\u00e9e de lecture estim\u00e9e":"2 minutes"},"schema":{"@context":"https:\/\/schema.org","@graph":[{"@type":"WebPage","@id":"https:\/\/puremed.ca\/fr\/engagement-corporative\/","url":"https:\/\/puremed.ca\/fr\/engagement-corporative\/","name":"ENGAGEMENT CORPORATIVE - Puremed Canada","isPartOf":{"@id":"https:\/\/puremed.ca\/fr\/#website"},"datePublished":"2018-12-20T19:53:13+00:00","dateModified":"2020-02-07T02:11:36+00:00","breadcrumb":{"@id":"https:\/\/puremed.ca\/fr\/engagement-corporative\/#breadcrumb"},"inLanguage":"fr-FR","potentialAction":[{"@type":"ReadAction","target":["https:\/\/puremed.ca\/fr\/engagement-corporative\/"]}]},{"@type":"BreadcrumbList","@id":"https:\/\/puremed.ca\/fr\/engagement-corporative\/#breadcrumb","itemListElement":[{"@type":"ListItem","position":1,"name":"Home","item":"https:\/\/puremed.ca\/fr\/"},{"@type":"ListItem","position":2,"name":"ENGAGEMENT CORPORATIVE"}]},{"@type":"WebSite","@id":"https:\/\/puremed.ca\/fr\/#website","url":"https:\/\/puremed.ca\/fr\/","name":"Puremed Canada","description":"Food Safety Experts","publisher":{"@id":"https:\/\/puremed.ca\/fr\/#organization"},"potentialAction":[{"@type":"SearchAction","target":{"@type":"EntryPoint","urlTemplate":"https:\/\/puremed.ca\/fr\/?s={search_term_string}"},"query-input":"required name=search_term_string"}],"inLanguage":"fr-FR"},{"@type":"Organization","@id":"https:\/\/puremed.ca\/fr\/#organization","name":"Puremed Canada Inc.","url":"https:\/\/puremed.ca\/fr\/","logo":{"@type":"ImageObject","inLanguage":"fr-FR","@id":"https:\/\/puremed.ca\/fr\/#\/schema\/logo\/image\/","url":"https:\/\/puremed.ca\/wp-content\/uploads\/2024\/05\/newimage.png","contentUrl":"https:\/\/puremed.ca\/wp-content\/uploads\/2024\/05\/newimage.png","width":794,"height":774,"caption":"Puremed Canada Inc."},"image":{"@id":"https:\/\/puremed.ca\/fr\/#\/schema\/logo\/image\/"},"sameAs":["https:\/\/www.facebook.com\/pages\/category\/Commercial---Industrial\/Puremed-Canada-Inc-101146174631688\/","https:\/\/ca.linkedin.com\/company\/puremed","https:\/\/www.youtube.com\/channel\/UCnGPULABPwqAVl5hPd9DdtA"]}]}},"_links":{"self":[{"href":"https:\/\/puremed.ca\/fr\/wp-json\/wp\/v2\/pages\/9990"}],"collection":[{"href":"https:\/\/puremed.ca\/fr\/wp-json\/wp\/v2\/pages"}],"about":[{"href":"https:\/\/puremed.ca\/fr\/wp-json\/wp\/v2\/types\/page"}],"author":[{"embeddable":true,"href":"https:\/\/puremed.ca\/fr\/wp-json\/wp\/v2\/users\/1"}],"replies":[{"embeddable":true,"href":"https:\/\/puremed.ca\/fr\/wp-json\/wp\/v2\/comments?post=9990"}],"version-history":[{"count":15,"href":"https:\/\/puremed.ca\/fr\/wp-json\/wp\/v2\/pages\/9990\/revisions"}],"predecessor-version":[{"id":12354,"href":"https:\/\/puremed.ca\/fr\/wp-json\/wp\/v2\/pages\/9990\/revisions\/12354"}],"wp:attachment":[{"href":"https:\/\/puremed.ca\/fr\/wp-json\/wp\/v2\/media?parent=9990"}],"curies":[{"name":"wp","href":"https:\/\/api.w.org\/{rel}","templated":true}]}}